{"id":24717,"date":"2025-02-06T08:41:05","date_gmt":"2025-02-06T07:41:05","guid":{"rendered":"https:\/\/tecurat.de\/?page_id=24717"},"modified":"2025-02-06T08:52:13","modified_gmt":"2025-02-06T07:52:13","slug":"my-account","status":"publish","type":"page","link":"https:\/\/tecurat.de\/en\/my-account\/","title":{"rendered":"My Account"},"content":{"rendered":"\t\t<div data-elementor-type=\"wp-page\" data-elementor-id=\"24717\" class=\"elementor elementor-24717 elementor-24700\" data-elementor-post-type=\"page\">\n\t\t\t\t<div class=\"elementor-element elementor-element-06b7e72 e-flex e-con-boxed e-con e-parent\" data-id=\"06b7e72\" data-element_type=\"container\" data-e-type=\"container\">\n\t\t\t\t\t<div class=\"e-con-inner\">\n\t\t\t\t<div class=\"elementor-element elementor-element-617c56b elementor-widget elementor-widget-heading\" data-id=\"617c56b\" data-element_type=\"widget\" data-e-type=\"widget\" data-widget_type=\"heading.default\">\n\t\t\t\t\t<h2 class=\"elementor-heading-title elementor-size-default\">My Account<\/h2>\t\t\t\t<\/div>\n\t\t\t\t\t<\/div>\n\t\t\t\t<\/div>\n\t\t\t\t<\/div>\n\t\t","protected":false},"excerpt":{"rendered":"<p>Dashboard Orders Downloads Adresses Account-Details Log-Out Hallo Martin Sch\u00f6newei\u00df (nicht Martin Sch\u00f6newei\u00df? Abmelden) In deiner Konto-\u00dcbersicht kannst du deine letzten Bestellungen ansehen, deine Liefer- und Rechnungsadresse verwalten und dein Passwort und die Kontodetails bearbeiten.<\/p>\n","protected":false},"author":99,"featured_media":0,"parent":0,"menu_order":0,"comment_status":"closed","ping_status":"closed","template":"","meta":{"content-type":"","footnotes":""},"class_list":["post-24717","page","type-page","status-publish","hentry"],"_links":{"self":[{"href":"https:\/\/tecurat.de\/en\/wp-json\/wp\/v2\/pages\/24717","targetHints":{"allow":["GET"]}}],"collection":[{"href":"https:\/\/tecurat.de\/en\/wp-json\/wp\/v2\/pages"}],"about":[{"href":"https:\/\/tecurat.de\/en\/wp-json\/wp\/v2\/types\/page"}],"author":[{"embeddable":true,"href":"https:\/\/tecurat.de\/en\/wp-json\/wp\/v2\/users\/99"}],"replies":[{"embeddable":true,"href":"https:\/\/tecurat.de\/en\/wp-json\/wp\/v2\/comments?post=24717"}],"version-history":[{"count":8,"href":"https:\/\/tecurat.de\/en\/wp-json\/wp\/v2\/pages\/24717\/revisions"}],"predecessor-version":[{"id":24729,"href":"https:\/\/tecurat.de\/en\/wp-json\/wp\/v2\/pages\/24717\/revisions\/24729"}],"wp:attachment":[{"href":"https:\/\/tecurat.de\/en\/wp-json\/wp\/v2\/media?parent=24717"}],"curies":[{"name":"wp","href":"https:\/\/api.w.org\/{rel}","templated":true}]}}